{"id":2,"date":"2021-10-25T15:16:46","date_gmt":"2021-10-25T15:16:46","guid":{"rendered":"https:\/\/pruebaagenda.hc\/?page_id=2"},"modified":"2021-11-12T16:38:07","modified_gmt":"2021-11-12T19:38:07","slug":"pagina-ejemplo","status":"publish","type":"page","link":"https:\/\/www.agendas.hc.edu.uy\/?page_id=2","title":{"rendered":""},"content":{"rendered":"\n<div class=\"wp-block-image\"><figure class=\"aligncenter size-full is-resized\"><img loading=\"lazy\" decoding=\"async\" src=\"https:\/\/www.agendas.hc.edu.uy\/wp-content\/uploads\/2021\/10\/logohctranspp.png\" alt=\"\" class=\"wp-image-10\" width=\"233\" height=\"116\" srcset=\"https:\/\/www.agendas.hc.edu.uy\/wp-content\/uploads\/2021\/10\/logohctranspp.png 311w, https:\/\/www.agendas.hc.edu.uy\/wp-content\/uploads\/2021\/10\/logohctranspp-300x150.png 300w\" sizes=\"auto, (max-width: 233px) 100vw, 233px\" \/><\/figure><\/div>\n\n\n\n<p><\/p>\n\n\n\n<p class=\"has-text-align-center has-secondary-color has-text-color\" style=\"font-size:36px\"><strong>Requisitos B\u00e1sicos para donar<\/strong> <\/p>\n\n\n\n<p><\/p>\n\n\n\n<p class=\"has-huge-font-size\"><\/p>\n\n\n\n<p>-Tener entre 18 y 65 a\u00f1os<br>-Pesar m\u00e1s de 50 kg<br>-Tener c\u00e9dula de identidad vigente<\/p>\n\n\n\n<p><strong>Antes de donar<\/strong><br>-Dormir al menos seis horas<br>-Est\u00e1 permitido tomar l\u00edquidos como mate, caf\u00e9, t\u00e9 jugos (evitar alcohol, l\u00e1cteos y sus derivados)<br>-Est\u00e1 permitido comer pan, galletitas, mermeladas, frutas, cereales (evitar derivados de l\u00e1cteos)<\/p>\n\n\n\n<p><strong>Preguntas frecuentes<\/strong><br>\u00bfCada cu\u00e1nto tiempo puedo donar sangre?<br>Los hombres pueden donar sangre cada tres meses y las mujeres, cada cuatro.<br>\u00bfPuedo donar con un tatuaje o piercing\/caravana?<br>S\u00ed, luego de pasados doce meses de haberse hecho tatuajes, colocado piercings o caravanas se puede donar sangre.<br>Si fum\u00e9 marihuana, \u00bfpuedo donar sangre?<br>S\u00ed, luego de cinco d\u00edas del \u00faltimo consumo.<br>Si tuve COVID-19, \u00bfcu\u00e1nto tiempo despu\u00e9s puedo donar sangre?<br>Luego de 14 d\u00edas de haber recibdo el alta m\u00e9dica.<br>Si me vacunaron contra la COVID-19, \u00bfcu\u00e1nto tiempo despu\u00e9s puedo donar?<br>Para las Sinovac y Pfizer alcanza con que hayan transcurrido 72 horas de administrada la vacuna.<br>\u00bfTengo un d\u00eda de licencia por donar sangre?<br>S\u00ed, todos los trabajadores p\u00fablicos y privados tienen derecho a no concurrir a su trabajo ese d\u00eda y que sea abonado como trabajado (Ley n\u00ba 16168).<\/p>\n","protected":false},"excerpt":{"rendered":"<p>Requisitos B\u00e1sicos para donar -Tener entre 18 y 65 a\u00f1os-Pesar m\u00e1s de 50 kg-Tener c\u00e9dula de identidad vigente Antes de donar-Dormir al menos seis horas-Est\u00e1 permitido tomar l\u00edquidos como mate, caf\u00e9, t\u00e9 jugos (evitar alcohol, l\u00e1cteos y sus derivados)-Est\u00e1 permitido comer pan, galletitas, mermeladas, frutas, cereales (evitar derivados de l\u00e1cteos) Preguntas frecuentes\u00bfCada cu\u00e1nto tiempo puedo<a class=\"more-link\" href=\"https:\/\/www.agendas.hc.edu.uy\/?page_id=2\">Continue reading <\/a><\/p>\n","protected":false},"author":1,"featured_media":0,"parent":0,"menu_order":0,"comment_status":"closed","ping_status":"open","template":"","meta":{"footnotes":""},"class_list":["post-2","page","type-page","status-publish","hentry","entry"],"_links":{"self":[{"href":"https:\/\/www.agendas.hc.edu.uy\/index.php?rest_route=\/wp\/v2\/pages\/2","targetHints":{"allow":["GET"]}}],"collection":[{"href":"https:\/\/www.agendas.hc.edu.uy\/index.php?rest_route=\/wp\/v2\/pages"}],"about":[{"href":"https:\/\/www.agendas.hc.edu.uy\/index.php?rest_route=\/wp\/v2\/types\/page"}],"author":[{"embeddable":true,"href":"https:\/\/www.agendas.hc.edu.uy\/index.php?rest_route=\/wp\/v2\/users\/1"}],"replies":[{"embeddable":true,"href":"https:\/\/www.agendas.hc.edu.uy\/index.php?rest_route=%2Fwp%2Fv2%2Fcomments&post=2"}],"version-history":[{"count":17,"href":"https:\/\/www.agendas.hc.edu.uy\/index.php?rest_route=\/wp\/v2\/pages\/2\/revisions"}],"predecessor-version":[{"id":125,"href":"https:\/\/www.agendas.hc.edu.uy\/index.php?rest_route=\/wp\/v2\/pages\/2\/revisions\/125"}],"wp:attachment":[{"href":"https:\/\/www.agendas.hc.edu.uy\/index.php?rest_route=%2Fwp%2Fv2%2Fmedia&parent=2"}],"curies":[{"name":"wp","href":"https:\/\/api.w.org\/{rel}","templated":true}]}}